{"id":6,"date":"2024-03-06T15:14:23","date_gmt":"2024-03-06T18:14:23","guid":{"rendered":"https:\/\/agtdev3.com.br\/bracellci2025\/?page_id=6"},"modified":"2026-03-25T15:39:30","modified_gmt":"2026-03-25T18:39:30","slug":"home","status":"publish","type":"page","link":"https:\/\/agtdev3.com.br\/bracellci2025\/","title":{"rendered":"Home"},"content":{"rendered":"<div class=\"wpb-content-wrapper\"><p>[vc_row row_title=&#8221;Intro&#8221; el_id=&#8221;section-intro-home&#8221;][vc_column][vc_column_text css_animation=&#8221;fadeIn&#8221; css=&#8221;&#8221; el_class=&#8221;titulo&#8221;]<\/p>\n<h1>Central de Indicadores 2025 &#8211; Bracell<\/h1>\n<p>[\/vc_column_text][vc_column_text css_animation=&#8221;fadeIn&#8221; css=&#8221;&#8221; el_class=&#8221;sub texto&#8221;]<\/p>\n<h2>Desempenho ESG e gera\u00e7\u00e3o de valor<\/h2>\n<p>A Central de Indicadores 2025 permite acompanhar a evolu\u00e7\u00e3o das metas, a gest\u00e3o de riscos e as pr\u00e1ticas de governan\u00e7a da Bracell e Bracell Pap\u00e9is nesse per\u00edodo.[\/vc_column_text][\/vc_column][\/vc_row][vc_row el_id=&#8221;section-bracell-home&#8221; row_title=&#8221;Se\u00e7\u00e3o 1&#8243;][vc_column width=&#8221;1\/2&#8243; el_class=&#8221;coluna-foto&#8221;][vc_single_image image=&#8221;3219&#8243; img_size=&#8221;full&#8221; css_animation=&#8221;fadeInUp&#8221; css=&#8221;&#8221; el_class=&#8221;foto&#8221;][\/vc_column][vc_column width=&#8221;1\/2&#8243; el_class=&#8221;coluna-com-borda&#8221;][vc_column_text css_animation=&#8221;fadeInRight&#8221; css=&#8221;&#8221; el_class=&#8221;sub&#8221;]<\/p>\n<h2>A Bracell \u00e9 l\u00edder mundial na produ\u00e7\u00e3o de celulose sol\u00favel e uma das principais produtoras globais de celulose de eucalipto.<\/h2>\n<p>[\/vc_column_text][vc_column_text css_animation=&#8221;fadeInUp&#8221; css=&#8221;&#8221; el_class=&#8221;cta&#8221;]<a href=\"https:\/\/agtdev3.com.br\/bracellci2025\/indicador\/a-bracell\/\">Saiba mais<\/a>[\/vc_column_text][\/vc_column][\/vc_row][vc_row el_id=&#8221;section-bracell-home2&#8243; row_title=&#8221;Se\u00e7\u00e3o 2&#8243;][vc_column width=&#8221;1\/2&#8243; el_class=&#8221;coluna-com-borda esq&#8221;][vc_column_text css_animation=&#8221;fadeInLeft&#8221; css=&#8221;&#8221; el_class=&#8221;sub&#8221;]<\/p>\n<h2>A Bracell atua no setor de papel Tissue com solu\u00e7\u00f5es de alta qualidade para os mercados de consumo, institucional e de convers\u00e3o.<\/h2>\n<p>[\/vc_column_text][\/vc_column][vc_column width=&#8221;1\/2&#8243; el_class=&#8221;coluna-foto&#8221;][vc_single_image image=&#8221;3220&#8243; img_size=&#8221;full&#8221; alignment=&#8221;right&#8221; css_animation=&#8221;fadeInUp&#8221; css=&#8221;&#8221; el_class=&#8221;foto&#8221;][\/vc_column][\/vc_row][vc_section full_width=&#8221;stretch_row_content&#8221; el_id=&#8221;section-grafico-home&#8221;][vc_row el_class=&#8221;container10&#8243;][vc_column width=&#8221;1\/3&#8243; el_class=&#8221;coluna2&#8243;]\r\n    <!-- <div class=\"agt-info-box \" style=\"padding:20px; border:1px solid #ccc; border-radius:8px; text-align:center;\"> -->\r\n    <div class=\"agt-info-box \" style=\"\">\r\n        <div class=\"before-text \">\r\n            Apoiar\u00e1,<br \/>\npelo menos        <\/div>\r\n\r\n        <div class=\"number \">\r\n            <span class=\"valor\">60<\/span><span class=\"sufixo\">%<\/span>\r\n        <\/div>\r\n\r\n        <div class=\"after-text \">\r\n            dos neg\u00f3cios        <\/div>\r\n\r\n        <p class=\"desc \">\r\n            de impacto que sejam<br \/>\nliderados por mulheres at\u00e9 2030        <\/p>\r\n    <\/div>\r\n    [\/vc_column][vc_column width=&#8221;1\/3&#8243; el_class=&#8221;coluna3&#8243;]\r\n    <!-- <div class=\"agt-info-box \" style=\"padding:20px; border:1px solid #ccc; border-radius:8px; text-align:center;\"> -->\r\n    <div class=\"agt-info-box \" style=\"\">\r\n        <div class=\"before-text \">\r\n            Remo\u00e7\u00f5es de CO\u2082e da atmosfera        <\/div>\r\n\r\n        <div class=\"number \">\r\n            <span class=\"valor\">25<\/span><span class=\"sufixo\">M<\/span>\r\n        <\/div>\r\n\r\n        <div class=\"after-text \">\r\n            tCO\u2082e        <\/div>\r\n\r\n        <p class=\"desc \">\r\n            removidos entre 2020 e 2030        <\/p>\r\n    <\/div>\r\n    [\/vc_column][vc_column width=&#8221;1\/3&#8243; el_class=&#8221;coluna1&#8243;]\r\n    <!-- <div class=\"agt-info-box \" style=\"padding:20px; border:1px solid #ccc; border-radius:8px; text-align:center;\"> -->\r\n    <div class=\"agt-info-box \" style=\"\">\r\n        <div class=\"before-text \">\r\n            Conserva\u00e7\u00e3o de<br \/>\nmais de        <\/div>\r\n\r\n        <div class=\"number \">\r\n            <span class=\"valor\">230<\/span><span class=\"sufixo\">mil<\/span>\r\n        <\/div>\r\n\r\n        <div class=\"after-text \">\r\n            hectares        <\/div>\r\n\r\n        <p class=\"desc \">\r\n            de matas nativas at\u00e9 2030        <\/p>\r\n    <\/div>\r\n    [\/vc_column][\/vc_row][vc_row el_id=&#8221;section-metas-home&#8221;][vc_column][vc_column_text css_animation=&#8221;fadeIn&#8221; css=&#8221;&#8221; el_class=&#8221;sub texto&#8221;]<\/p>\n<h2>Destaques Bracell 2030<\/h2>\n<p>O Bracell 2030 completou, em 2025, seu segundo ano de monitoramento e reporte de indicadores. Neste ciclo, a iniciativa de longo prazo obteve um importante ganho de maturidade em sua governan\u00e7a, com envolvimento e o engajamento cada vez mais ativos da lideran\u00e7a e das \u00e1reas operacionais da Companhia no alcance das metas.<\/p>\n<p>O Bracell 2030 tem 14 metas e compromissos com foco em quatro prioridades estrat\u00e9gicas:[\/vc_column_text][vc_row_inner el_id=&#8221;linha&#8221;][vc_column_inner width=&#8221;1\/4&#8243;][vc_single_image image=&#8221;1743&#8243; img_size=&#8221;full&#8221; onclick=&#8221;custom_link&#8221; css_animation=&#8221;fadeInUp&#8221; css=&#8221;&#8221; el_class=&#8221;icone&#8221; link=&#8221;https:\/\/agtdev3.com.br\/bracellci2025\/pilar\/acao-pelo-clima\/&#8221;][vc_column_text css_animation=&#8221;fadeIn&#8221; css=&#8221;&#8221; el_class=&#8221;nome&#8221;]<\/p>\n<h4><a href=\"https:\/\/agtdev3.com.br\/bracellci2025\/pilar\/acao-pelo-clima\/\">A\u00e7\u00e3o pelo Clima<\/a><\/h4>\n<p>[\/vc_column_text][vc_column_text css_animation=&#8221;fadeIn&#8221; css=&#8221;&#8221; el_class=&#8221;desc&#8221;]Criando uma opera\u00e7\u00e3o positiva para o clima na dire\u00e7\u00e3o de uma economia de baixo carbono[\/vc_column_text][\/vc_column_inner][vc_column_inner width=&#8221;1\/4&#8243;][vc_single_image image=&#8221;1745&#8243; img_size=&#8221;full&#8221; onclick=&#8221;custom_link&#8221; css_animation=&#8221;fadeInUp&#8221; css=&#8221;&#8221; el_class=&#8221;icone&#8221; link=&#8221;https:\/\/agtdev3.com.br\/bracellci2025\/pilar\/paisagens-sustentaveis-e-biodiversidade\/&#8221;][vc_column_text css_animation=&#8221;fadeIn&#8221; css=&#8221;&#8221; el_class=&#8221;nome&#8221;]<\/p>\n<h4><a href=\"https:\/\/agtdev3.com.br\/bracellci2025\/pilar\/paisagens-sustentaveis-e-biodiversidade\/\">Paisagens<br \/>\nSustent\u00e1veis e<br \/>\nBiodiversidade<\/a><\/h4>\n<p>[\/vc_column_text][vc_column_text css_animation=&#8221;fadeIn&#8221; css=&#8221;&#8221; el_class=&#8221;desc&#8221;]Construindo sistemas<br \/>\nregenerativos que favore\u00e7am a natureza, a biodiversidade e os servi\u00e7os ecossist\u00eamicos[\/vc_column_text][\/vc_column_inner][vc_column_inner width=&#8221;1\/4&#8243;][vc_single_image image=&#8221;1742&#8243; img_size=&#8221;full&#8221; onclick=&#8221;custom_link&#8221; css_animation=&#8221;fadeInUp&#8221; css=&#8221;&#8221; el_class=&#8221;icone&#8221; link=&#8221;https:\/\/agtdev3.com.br\/bracellci2025\/pilar\/promovendo-crescimento-sustentavel\/&#8221;][vc_column_text css_animation=&#8221;fadeIn&#8221; css=&#8221;&#8221; el_class=&#8221;nome&#8221;]<\/p>\n<h4><a href=\"https:\/\/agtdev3.com.br\/bracellci2025\/pilar\/promovendo-crescimento-sustentavel\/\">Promovendo<br \/>\nCrescimento<br \/>\nSustent\u00e1vel<\/a><\/h4>\n<p>[\/vc_column_text][vc_column_text css_animation=&#8221;fadeIn&#8221; css=&#8221;&#8221; el_class=&#8221;desc&#8221;]Expandir nosso neg\u00f3cio por meio da efici\u00eancia, circularidade e produ\u00e7\u00e3o respons\u00e1vel[\/vc_column_text][\/vc_column_inner][vc_column_inner width=&#8221;1\/4&#8243;][vc_single_image image=&#8221;1744&#8243; img_size=&#8221;full&#8221; onclick=&#8221;custom_link&#8221; css_animation=&#8221;fadeInUp&#8221; css=&#8221;&#8221; el_class=&#8221;icone&#8221; link=&#8221;https:\/\/agtdev3.com.br\/bracellci2025\/pilar\/empoderando-vidas\/&#8221;][vc_column_text css_animation=&#8221;fadeIn&#8221; css=&#8221;&#8221; el_class=&#8221;nome&#8221;]<\/p>\n<h4><a href=\"https:\/\/agtdev3.com.br\/bracellci2025\/pilar\/empoderando-vidas\/\">Empoderando<br \/>\nVidas<\/a><\/h4>\n<p>[\/vc_column_text][vc_column_text css_animation=&#8221;fadeIn&#8221; css=&#8221;&#8221; el_class=&#8221;desc&#8221;]Capacitando nossas pessoas e comunidades por meio de iniciativas transformadoras[\/vc_column_text][\/vc_column_inner][\/vc_row_inner][vc_column_text css_animation=&#8221;fadeIn&#8221; css=&#8221;&#8221; el_class=&#8221;texto-abaixo&#8221;]<\/p>\n<p class=\"v1Textonormal\">O desempenho das metas ser\u00e1 reportado nos Relat\u00f3rios de Sustentabilidade 2024 a 2030.<\/p>\n<p>[\/vc_column_text][\/vc_column][\/vc_row][\/vc_section]<\/p>\n<\/div>","protected":false},"excerpt":{"rendered":"<p>[vc_row row_title=&#8221;Intro&#8221; el_id=&#8221;section-intro-home&#8221;][vc_column][vc_column_text css_animation=&#8221;fadeIn&#8221; css=&#8221;&#8221; el_class=&#8221;titulo&#8221;] Central de Indicadores 2025 &#8211; Bracell [\/vc_column_text][vc_column_text css_animation=&#8221;fadeIn&#8221;&#8230;<\/p>\n","protected":false},"author":3,"featured_media":0,"parent":0,"menu_order":0,"comment_status":"closed","ping_status":"closed","template":"template-home.php","meta":{"_acf_changed":false,"footnotes":""},"class_list":["post-6","page","type-page","status-publish","hentry"],"acf":[],"yoast_head":"<!-- This site is optimized with the Yoast SEO plugin v27.1.1 - https:\/\/yoast.com\/product\/yoast-seo-wordpress\/ -->\n<title>Central de Indicadores 2025 | Bracell<\/title>\n<meta name=\"description\" content=\"A Central de Indicadores 2025 permite acompanhar a evolu\u00e7\u00e3o das metas, a gest\u00e3o de riscos e as pr\u00e1ticas de governan\u00e7a da Bracell.\" \/>\n<meta name=\"robots\" content=\"noindex, follow, max-snippet:-1, max-image-preview:large, max-video-preview:-1\" \/>\n<meta property=\"og:locale\" content=\"pt_BR\" \/>\n<meta property=\"og:type\" content=\"article\" \/>\n<meta property=\"og:title\" content=\"Central de Indicadores 2025 | Bracell\" \/>\n<meta property=\"og:description\" content=\"A Central de Indicadores 2025 permite acompanhar a evolu\u00e7\u00e3o das metas, a gest\u00e3o de riscos e as pr\u00e1ticas de governan\u00e7a da Bracell.\" \/>\n<meta property=\"og:url\" content=\"https:\/\/agtdev3.com.br\/bracellci2025\/\" \/>\n<meta property=\"og:site_name\" content=\"Bracell - Central de Indicadores 2025\" \/>\n<meta property=\"article:modified_time\" content=\"2026-03-25T18:39:30+00:00\" \/>\n<meta name=\"twitter:card\" content=\"summary_large_image\" \/>\n<meta name=\"twitter:label1\" content=\"Est. tempo de leitura\" \/>\n\t<meta name=\"twitter:data1\" content=\"4 minutos\" \/>\n<script type=\"application\/ld+json\" class=\"yoast-schema-graph\">{\"@context\":\"https:\/\/schema.org\",\"@graph\":[{\"@type\":\"WebPage\",\"@id\":\"https:\/\/agtdev3.com.br\/bracellci2025\/\",\"url\":\"https:\/\/agtdev3.com.br\/bracellci2025\/\",\"name\":\"Central de Indicadores 2025 | Bracell\",\"isPartOf\":{\"@id\":\"https:\/\/agtdev3.com.br\/bracellci2025\/#website\"},\"datePublished\":\"2024-03-06T18:14:23+00:00\",\"dateModified\":\"2026-03-25T18:39:30+00:00\",\"description\":\"A Central de Indicadores 2025 permite acompanhar a evolu\u00e7\u00e3o das metas, a gest\u00e3o de riscos e as pr\u00e1ticas de governan\u00e7a da Bracell.\",\"breadcrumb\":{\"@id\":\"https:\/\/agtdev3.com.br\/bracellci2025\/#breadcrumb\"},\"inLanguage\":\"pt-BR\",\"potentialAction\":[{\"@type\":\"ReadAction\",\"target\":[\"https:\/\/agtdev3.com.br\/bracellci2025\/\"]}]},{\"@type\":\"BreadcrumbList\",\"@id\":\"https:\/\/agtdev3.com.br\/bracellci2025\/#breadcrumb\",\"itemListElement\":[{\"@type\":\"ListItem\",\"position\":1,\"name\":\"In\u00edcio\",\"item\":\"https:\/\/agtdev3.com.br\/bracellci2025\/\"},{\"@type\":\"ListItem\",\"position\":2,\"name\":\"Home\"}]},{\"@type\":\"WebSite\",\"@id\":\"https:\/\/agtdev3.com.br\/bracellci2025\/#website\",\"url\":\"https:\/\/agtdev3.com.br\/bracellci2025\/\",\"name\":\"Bracell - Central de Indicadores 2025\",\"description\":\"\",\"potentialAction\":[{\"@type\":\"SearchAction\",\"target\":{\"@type\":\"EntryPoint\",\"urlTemplate\":\"https:\/\/agtdev3.com.br\/bracellci2025\/?s={search_term_string}\"},\"query-input\":{\"@type\":\"PropertyValueSpecification\",\"valueRequired\":true,\"valueName\":\"search_term_string\"}}],\"inLanguage\":\"pt-BR\"}]}<\/script>\n<!-- \/ Yoast SEO plugin. -->","yoast_head_json":{"title":"Central de Indicadores 2025 | Bracell","description":"A Central de Indicadores 2025 permite acompanhar a evolu\u00e7\u00e3o das metas, a gest\u00e3o de riscos e as pr\u00e1ticas de governan\u00e7a da Bracell.","robots":{"index":"noindex","follow":"follow","max-snippet":"max-snippet:-1","max-image-preview":"max-image-preview:large","max-video-preview":"max-video-preview:-1"},"og_locale":"pt_BR","og_type":"article","og_title":"Central de Indicadores 2025 | Bracell","og_description":"A Central de Indicadores 2025 permite acompanhar a evolu\u00e7\u00e3o das metas, a gest\u00e3o de riscos e as pr\u00e1ticas de governan\u00e7a da Bracell.","og_url":"https:\/\/agtdev3.com.br\/bracellci2025\/","og_site_name":"Bracell - Central de Indicadores 2025","article_modified_time":"2026-03-25T18:39:30+00:00","twitter_card":"summary_large_image","twitter_misc":{"Est. tempo de leitura":"4 minutos"},"schema":{"@context":"https:\/\/schema.org","@graph":[{"@type":"WebPage","@id":"https:\/\/agtdev3.com.br\/bracellci2025\/","url":"https:\/\/agtdev3.com.br\/bracellci2025\/","name":"Central de Indicadores 2025 | Bracell","isPartOf":{"@id":"https:\/\/agtdev3.com.br\/bracellci2025\/#website"},"datePublished":"2024-03-06T18:14:23+00:00","dateModified":"2026-03-25T18:39:30+00:00","description":"A Central de Indicadores 2025 permite acompanhar a evolu\u00e7\u00e3o das metas, a gest\u00e3o de riscos e as pr\u00e1ticas de governan\u00e7a da Bracell.","breadcrumb":{"@id":"https:\/\/agtdev3.com.br\/bracellci2025\/#breadcrumb"},"inLanguage":"pt-BR","potentialAction":[{"@type":"ReadAction","target":["https:\/\/agtdev3.com.br\/bracellci2025\/"]}]},{"@type":"BreadcrumbList","@id":"https:\/\/agtdev3.com.br\/bracellci2025\/#breadcrumb","itemListElement":[{"@type":"ListItem","position":1,"name":"In\u00edcio","item":"https:\/\/agtdev3.com.br\/bracellci2025\/"},{"@type":"ListItem","position":2,"name":"Home"}]},{"@type":"WebSite","@id":"https:\/\/agtdev3.com.br\/bracellci2025\/#website","url":"https:\/\/agtdev3.com.br\/bracellci2025\/","name":"Bracell - Central de Indicadores 2025","description":"","potentialAction":[{"@type":"SearchAction","target":{"@type":"EntryPoint","urlTemplate":"https:\/\/agtdev3.com.br\/bracellci2025\/?s={search_term_string}"},"query-input":{"@type":"PropertyValueSpecification","valueRequired":true,"valueName":"search_term_string"}}],"inLanguage":"pt-BR"}]}},"lang":"pt","translations":{"pt":6,"en":462},"pll_sync_post":[],"_links":{"self":[{"href":"https:\/\/agtdev3.com.br\/bracellci2025\/wp-json\/wp\/v2\/pages\/6","targetHints":{"allow":["GET"]}}],"collection":[{"href":"https:\/\/agtdev3.com.br\/bracellci2025\/wp-json\/wp\/v2\/pages"}],"about":[{"href":"https:\/\/agtdev3.com.br\/bracellci2025\/wp-json\/wp\/v2\/types\/page"}],"author":[{"embeddable":true,"href":"https:\/\/agtdev3.com.br\/bracellci2025\/wp-json\/wp\/v2\/users\/3"}],"replies":[{"embeddable":true,"href":"https:\/\/agtdev3.com.br\/bracellci2025\/wp-json\/wp\/v2\/comments?post=6"}],"version-history":[{"count":13,"href":"https:\/\/agtdev3.com.br\/bracellci2025\/wp-json\/wp\/v2\/pages\/6\/revisions"}],"predecessor-version":[{"id":4213,"href":"https:\/\/agtdev3.com.br\/bracellci2025\/wp-json\/wp\/v2\/pages\/6\/revisions\/4213"}],"wp:attachment":[{"href":"https:\/\/agtdev3.com.br\/bracellci2025\/wp-json\/wp\/v2\/media?parent=6"}],"curies":[{"name":"wp","href":"https:\/\/api.w.org\/{rel}","templated":true}]}}